{"id":850,"date":"2023-03-29T20:34:04","date_gmt":"2023-03-29T18:34:04","guid":{"rendered":"http:\/\/lyceech.cluster026.hosting.ovh.net\/?page_id=850"},"modified":"2023-04-04T10:46:54","modified_gmt":"2023-04-04T08:46:54","slug":"les-langues-vivantes","status":"publish","type":"page","link":"http:\/\/lyceeclaudemonetlh.fr\/index.php\/les-langues-vivantes\/","title":{"rendered":"Les langues vivantes"},"content":{"rendered":"\n<p>Cliquer sur les images pour d\u00e9couvrir les options<\/p>\n\n\n\n<figure class=\"wp-block-gallery has-nested-images columns-default is-cropped wp-block-gallery-1 is-layout-flex wp-block-gallery-is-layout-flex\">\n<figure class=\"wp-block-image size-large\"><a href=\"http:\/\/lyceech.cluster026.hosting.ovh.net\/wp-content\/uploads\/2023\/04\/Plaquette-option-arabe.pdf\"><img loading=\"lazy\" decoding=\"async\" width=\"712\" height=\"1001\" data-id=\"934\" src=\"http:\/\/lyceech.cluster026.hosting.ovh.net\/wp-content\/uploads\/2023\/04\/Option-Arabe.jpg\" alt=\"\" class=\"wp-image-934\" srcset=\"http:\/\/lyceech.cluster026.hosting.ovh.net\/wp-content\/uploads\/2023\/04\/Option-Arabe.jpg 712w, http:\/\/lyceech.cluster026.hosting.ovh.net\/wp-content\/uploads\/2023\/04\/Option-Arabe-213x300.jpg 213w\" sizes=\"(max-width: 712px) 100vw, 712px\" \/><\/a><\/figure>\n\n\n\n<figure class=\"wp-block-image size-large\"><a href=\"http:\/\/lyceech.cluster026.hosting.ovh.net\/wp-content\/uploads\/2023\/04\/Plaquette-option-chinois.pdf\"><img loading=\"lazy\" decoding=\"async\" width=\"712\" height=\"1001\" data-id=\"933\" src=\"http:\/\/lyceech.cluster026.hosting.ovh.net\/wp-content\/uploads\/2023\/04\/Option-Chinois.jpg\" alt=\"\" class=\"wp-image-933\" srcset=\"http:\/\/lyceech.cluster026.hosting.ovh.net\/wp-content\/uploads\/2023\/04\/Option-Chinois.jpg 712w, http:\/\/lyceech.cluster026.hosting.ovh.net\/wp-content\/uploads\/2023\/04\/Option-Chinois-213x300.jpg 213w\" sizes=\"(max-width: 712px) 100vw, 712px\" \/><\/a><\/figure>\n\n\n\n<figure class=\"wp-block-image size-large\"><a href=\"http:\/\/lyceech.cluster026.hosting.ovh.net\/wp-content\/uploads\/2023\/04\/Plaquette-option-italien.pdf\"><img loading=\"lazy\" decoding=\"async\" width=\"712\" height=\"1001\" data-id=\"935\" src=\"http:\/\/lyceech.cluster026.hosting.ovh.net\/wp-content\/uploads\/2023\/04\/Option-Italien.jpg\" alt=\"\" class=\"wp-image-935\" srcset=\"http:\/\/lyceech.cluster026.hosting.ovh.net\/wp-content\/uploads\/2023\/04\/Option-Italien.jpg 712w, http:\/\/lyceech.cluster026.hosting.ovh.net\/wp-content\/uploads\/2023\/04\/Option-Italien-213x300.jpg 213w\" sizes=\"(max-width: 712px) 100vw, 712px\" \/><\/a><\/figure>\n<\/figure>\n\n\n\n<div class=\"wp-block-file\"><a id=\"wp-block-file--media-2b9dcbe2-0020-4d22-94ea-f38d2fd661ae\" href=\"http:\/\/lyceech.cluster026.hosting.ovh.net\/wp-content\/uploads\/2023\/04\/Plaquette-option-italien.pdf\">Plaquette-option-italien<\/a><a href=\"http:\/\/lyceech.cluster026.hosting.ovh.net\/wp-content\/uploads\/2023\/04\/Plaquette-option-italien.pdf\" class=\"wp-block-file__button wp-element-button\" download aria-describedby=\"wp-block-file--media-2b9dcbe2-0020-4d22-94ea-f38d2fd661ae\">T\u00e9l\u00e9charger<\/a><\/div>\n\n\n\n<div class=\"wp-block-file\"><a id=\"wp-block-file--media-2fae7618-f86f-4fe7-b34c-c2910181426a\" href=\"http:\/\/lyceech.cluster026.hosting.ovh.net\/wp-content\/uploads\/2023\/04\/Plaquette-option-chinois.pdf\">Plaquette-option-chinois<\/a><a href=\"http:\/\/lyceech.cluster026.hosting.ovh.net\/wp-content\/uploads\/2023\/04\/Plaquette-option-chinois.pdf\" class=\"wp-block-file__button wp-element-button\" download aria-describedby=\"wp-block-file--media-2fae7618-f86f-4fe7-b34c-c2910181426a\">T\u00e9l\u00e9charger<\/a><\/div>\n\n\n\n<div class=\"wp-block-file\"><a id=\"wp-block-file--media-d21b31c2-7f2e-48dd-a8e6-c17ad2b45d7b\" href=\"http:\/\/lyceech.cluster026.hosting.ovh.net\/wp-content\/uploads\/2023\/04\/Plaquette-option-arabe.pdf\">Plaquette-option-arabe<\/a><a href=\"http:\/\/lyceech.cluster026.hosting.ovh.net\/wp-content\/uploads\/2023\/04\/Plaquette-option-arabe.pdf\" class=\"wp-block-file__button wp-element-button\" download aria-describedby=\"wp-block-file--media-d21b31c2-7f2e-48dd-a8e6-c17ad2b45d7b\">T\u00e9l\u00e9charger<\/a><\/div>\n\n\n\n<p>Ou t\u00e9l\u00e9charger la plaquette qui vous int\u00e9resse.<\/p>\n","protected":false},"excerpt":{"rendered":"<p>Cliquer sur les images pour d\u00e9couvrir les options Ou t\u00e9l\u00e9charger la plaquette qui vous int\u00e9resse.<\/p>\n","protected":false},"author":1,"featured_media":0,"parent":0,"menu_order":0,"comment_status":"closed","ping_status":"closed","template":"","meta":{"footnotes":""},"_links":{"self":[{"href":"http:\/\/lyceeclaudemonetlh.fr\/index.php\/wp-json\/wp\/v2\/pages\/850"}],"collection":[{"href":"http:\/\/lyceeclaudemonetlh.fr\/index.php\/wp-json\/wp\/v2\/pages"}],"about":[{"href":"http:\/\/lyceeclaudemonetlh.fr\/index.php\/wp-json\/wp\/v2\/types\/page"}],"author":[{"embeddable":true,"href":"http:\/\/lyceeclaudemonetlh.fr\/index.php\/wp-json\/wp\/v2\/users\/1"}],"replies":[{"embeddable":true,"href":"http:\/\/lyceeclaudemonetlh.fr\/index.php\/wp-json\/wp\/v2\/comments?post=850"}],"version-history":[{"count":3,"href":"http:\/\/lyceeclaudemonetlh.fr\/index.php\/wp-json\/wp\/v2\/pages\/850\/revisions"}],"predecessor-version":[{"id":939,"href":"http:\/\/lyceeclaudemonetlh.fr\/index.php\/wp-json\/wp\/v2\/pages\/850\/revisions\/939"}],"wp:attachment":[{"href":"http:\/\/lyceeclaudemonetlh.fr\/index.php\/wp-json\/wp\/v2\/media?parent=850"}],"curies":[{"name":"wp","href":"https:\/\/api.w.org\/{rel}","templated":true}]}}